{"id":3950,"date":"2023-09-04T12:48:10","date_gmt":"2023-09-04T12:48:10","guid":{"rendered":"https:\/\/cetexauto.com\/?page_id=3950"},"modified":"2023-11-03T11:04:26","modified_gmt":"2023-11-03T11:04:26","slug":"1060s-hardener-25l","status":"publish","type":"page","link":"https:\/\/cetexauto.com\/en\/1060s-hardener-25l\/","title":{"rendered":"1060S HARDENER 2,5L"},"content":{"rendered":"<div data-elementor-type=\"wp-page\" data-elementor-id=\"3950\" class=\"elementor elementor-3950\">\n\t\t\t\t\t\t<section class=\"elementor-section elementor-top-section elementor-element elementor-element-d42a757 elementor-section-full_width elementor-section-height-default elementor-section-height-default\" data-id=\"d42a757\" data-element_type=\"section\">\n\t\t\t\t\t\t<div class=\"elementor-container elementor-column-gap-default\">\n\t\t\t\t\t<div class=\"elementor-column elementor-col-66 elementor-top-column elementor-element elementor-element-b2f0bda\" data-id=\"b2f0bda\" data-element_type=\"column\">\n\t\t\t<div class=\"elementor-widget-wrap elementor-element-populated\">\n\t\t\t\t\t\t<div class=\"elementor-element elementor-element-c67cde5 elementor-widget elementor-widget-image\" data-id=\"c67cde5\" data-element_type=\"widget\" data-widget_type=\"image.default\">\n\t\t\t\t<div class=\"elementor-widget-container\">\n\t\t\t\t\t\t\t\t\t\t\t\t\t\t\t<img fetchpriority=\"high\" decoding=\"async\" width=\"370\" height=\"411\" src=\"https:\/\/cetexauto.com\/wp-content\/uploads\/2023\/11\/Enduridor-1060S-25L-370x411.png\" class=\"attachment-car-repair-services-post-grid size-car-repair-services-post-grid wp-image-4289\" alt=\"\" srcset=\"https:\/\/cetexauto.com\/wp-content\/uploads\/2023\/11\/Enduridor-1060S-25L-370x411.png 370w, https:\/\/cetexauto.com\/wp-content\/uploads\/2023\/11\/Enduridor-1060S-25L-12x12.png 12w\" sizes=\"(max-width: 370px) 100vw, 370px\" \/>\t\t\t\t\t\t\t\t\t\t\t\t\t\t\t<\/div>\n\t\t\t\t<\/div>\n\t\t\t\t\t<\/div>\n\t\t<\/div>\n\t\t\t\t<div class=\"elementor-column elementor-col-33 elementor-top-column elementor-element elementor-element-da6958a\" data-id=\"da6958a\" data-element_type=\"column\">\n\t\t\t<div class=\"elementor-widget-wrap elementor-element-populated\">\n\t\t\t\t\t\t<div class=\"elementor-element elementor-element-a110744 elementor-widget elementor-widget-spacer\" data-id=\"a110744\" data-element_type=\"widget\" data-widget_type=\"spacer.default\">\n\t\t\t\t<div class=\"elementor-widget-container\">\n\t\t\t\t\t\t\t<div class=\"elementor-spacer\">\n\t\t\t<div class=\"elementor-spacer-inner\"><\/div>\n\t\t<\/div>\n\t\t\t\t\t\t<\/div>\n\t\t\t\t<\/div>\n\t\t\t\t<div class=\"elementor-element elementor-element-2283421 elementor-widget elementor-widget-heading\" data-id=\"2283421\" data-element_type=\"widget\" data-widget_type=\"heading.default\">\n\t\t\t\t<div class=\"elementor-widget-container\">\n\t\t\t\t\t<h2 class=\"elementor-heading-title elementor-size-default\">Para m\u00e1s informaci\u00f3n contacte con nosotros<\/h2>\t\t\t\t<\/div>\n\t\t\t\t<\/div>\n\t\t\t\t<div class=\"elementor-element elementor-element-18b211f elementor-align-center elementor-widget elementor-widget-button\" data-id=\"18b211f\" data-element_type=\"widget\" data-widget_type=\"button.default\">\n\t\t\t\t<div class=\"elementor-widget-container\">\n\t\t\t\t\t\t\t\t\t<div class=\"elementor-button-wrapper\">\n\t\t\t\t\t<a class=\"elementor-button elementor-button-link elementor-size-sm\" href=\"https:\/\/cetexauto.com\/en\/contaco\/\">\n\t\t\t\t\t\t<span class=\"elementor-button-content-wrapper\">\n\t\t\t\t\t\t\t\t\t<span class=\"elementor-button-text\">Request a quote<\/span>\n\t\t\t\t\t<\/span>\n\t\t\t\t\t<\/a>\n\t\t\t\t<\/div>\n\t\t\t\t\t\t\t\t<\/div>\n\t\t\t\t<\/div>\n\t\t\t\t\t<\/div>\n\t\t<\/div>\n\t\t\t\t\t<\/div>\n\t\t<\/section>\n\t\t\t\t<section class=\"elementor-section elementor-top-section elementor-element elementor-element-9d4abb7 elementor-section-boxed elementor-section-height-default elementor-section-height-default\" data-id=\"9d4abb7\" data-element_type=\"section\">\n\t\t\t\t\t\t<div class=\"elementor-container elementor-column-gap-default\">\n\t\t\t\t\t<div class=\"elementor-column elementor-col-100 elementor-top-column elementor-element elementor-element-11ec0eb\" data-id=\"11ec0eb\" data-element_type=\"column\">\n\t\t\t<div class=\"elementor-widget-wrap elementor-element-populated\">\n\t\t\t\t\t\t<div class=\"elementor-element elementor-element-887d4e6 elementor-widget elementor-widget-spacer\" data-id=\"887d4e6\" data-element_type=\"widget\" data-widget_type=\"spacer.default\">\n\t\t\t\t<div class=\"elementor-widget-container\">\n\t\t\t\t\t\t\t<div class=\"elementor-spacer\">\n\t\t\t<div class=\"elementor-spacer-inner\"><\/div>\n\t\t<\/div>\n\t\t\t\t\t\t<\/div>\n\t\t\t\t<\/div>\n\t\t\t\t<div class=\"elementor-element elementor-element-5d77511 elementor-widget elementor-widget-spacer\" data-id=\"5d77511\" data-element_type=\"widget\" data-widget_type=\"spacer.default\">\n\t\t\t\t<div class=\"elementor-widget-container\">\n\t\t\t\t\t\t\t<div class=\"elementor-spacer\">\n\t\t\t<div class=\"elementor-spacer-inner\"><\/div>\n\t\t<\/div>\n\t\t\t\t\t\t<\/div>\n\t\t\t\t<\/div>\n\t\t\t\t<div class=\"elementor-element elementor-element-00a3d9c elementor-widget elementor-widget-heading\" data-id=\"00a3d9c\" data-element_type=\"widget\" data-widget_type=\"heading.default\">\n\t\t\t\t<div class=\"elementor-widget-container\">\n\t\t\t\t\t<h2 class=\"elementor-heading-title elementor-size-default\">Descripci\u00f3n<\/h2>\t\t\t\t<\/div>\n\t\t\t\t<\/div>\n\t\t\t\t<div class=\"elementor-element elementor-element-b5efc34 elementor-widget-divider--view-line elementor-widget elementor-widget-divider\" data-id=\"b5efc34\" data-element_type=\"widget\" data-widget_type=\"divider.default\">\n\t\t\t\t<div class=\"elementor-widget-container\">\n\t\t\t\t\t\t\t<div class=\"elementor-divider\">\n\t\t\t<span class=\"elementor-divider-separator\">\n\t\t\t\t\t\t<\/span>\n\t\t<\/div>\n\t\t\t\t\t\t<\/div>\n\t\t\t\t<\/div>\n\t\t\t\t<div class=\"elementor-element elementor-element-4da145b elementor-widget elementor-widget-heading\" data-id=\"4da145b\" data-element_type=\"widget\" data-widget_type=\"heading.default\">\n\t\t\t\t<div class=\"elementor-widget-container\">\n\t\t\t\t\t<h5 class=\"elementor-heading-title elementor-size-default\">1060S HARDENER 2,5L<\/h5>\t\t\t\t<\/div>\n\t\t\t\t<\/div>\n\t\t\t\t<div class=\"elementor-element elementor-element-73c6f2b elementor-widget elementor-widget-text-editor\" data-id=\"73c6f2b\" data-element_type=\"widget\" data-widget_type=\"text-editor.default\">\n\t\t\t\t<div class=\"elementor-widget-container\">\n\t\t\t\t\t\t\t\t\t<p>Descripci\u00f3n &#8230;&#8230;&#8230;&#8230;&#8230;&#8230;&#8230;&#8230;&#8230;&#8230;&#8230;&#8230;&#8230;&#8230;&#8230;&#8230;&#8230;&#8230;&#8230;&#8230;&#8230;&#8230;&#8230;&#8230;&#8230;&#8230;<\/p>\t\t\t\t\t\t\t\t<\/div>\n\t\t\t\t<\/div>\n\t\t\t\t<div class=\"elementor-element elementor-element-ad9bb11 elementor-widget elementor-widget-spacer\" data-id=\"ad9bb11\" data-element_type=\"widget\" data-widget_type=\"spacer.default\">\n\t\t\t\t<div class=\"elementor-widget-container\">\n\t\t\t\t\t\t\t<div class=\"elementor-spacer\">\n\t\t\t<div class=\"elementor-spacer-inner\"><\/div>\n\t\t<\/div>\n\t\t\t\t\t\t<\/div>\n\t\t\t\t<\/div>\n\t\t\t\t<div class=\"elementor-element elementor-element-5c138e3 elementor-widget elementor-widget-heading\" data-id=\"5c138e3\" data-element_type=\"widget\" data-widget_type=\"heading.default\">\n\t\t\t\t<div class=\"elementor-widget-container\">\n\t\t\t\t\t<h2 class=\"elementor-heading-title elementor-size-default\">Informaci\u00f3n t\u00e9cnica<\/h2>\t\t\t\t<\/div>\n\t\t\t\t<\/div>\n\t\t\t\t<div class=\"elementor-element elementor-element-a28219b elementor-widget-divider--view-line elementor-widget elementor-widget-divider\" data-id=\"a28219b\" data-element_type=\"widget\" data-widget_type=\"divider.default\">\n\t\t\t\t<div class=\"elementor-widget-container\">\n\t\t\t\t\t\t\t<div class=\"elementor-divider\">\n\t\t\t<span class=\"elementor-divider-separator\">\n\t\t\t\t\t\t<\/span>\n\t\t<\/div>\n\t\t\t\t\t\t<\/div>\n\t\t\t\t<\/div>\n\t\t\t\t<div class=\"elementor-element elementor-element-2933991 elementor-widget elementor-widget-text-editor\" data-id=\"2933991\" data-element_type=\"widget\" data-widget_type=\"text-editor.default\">\n\t\t\t\t<div class=\"elementor-widget-container\">\n\t\t\t\t\t\t\t\t\t<div style=\"background-color: #f1f1f1;\">Caracter\u00edstica<\/div>\n<div>Caracter\u00edstica<\/div>\n<div style=\"background-color: #f1f1f1;\">Caracter\u00edstica<\/div>\n<div>Caracter\u00edstica<\/div>\n<div style=\"background-color: #f1f1f1;\">Caracter\u00edstica<\/div>\t\t\t\t\t\t\t\t<\/div>\n\t\t\t\t<\/div>\n\t\t\t\t\t<\/div>\n\t\t<\/div>\n\t\t\t\t\t<\/div>\n\t\t<\/section>\n\t\t\t\t<section class=\"elementor-section elementor-top-section elementor-element elementor-element-274bd73 elementor-section-boxed elementor-section-height-default elementor-section-height-default\" data-id=\"274bd73\" data-element_type=\"section\">\n\t\t\t\t\t\t<div class=\"elementor-container elementor-column-gap-default\">\n\t\t\t\t\t<div class=\"elementor-column elementor-col-100 elementor-top-column elementor-element elementor-element-d6c98a5\" data-id=\"d6c98a5\" data-element_type=\"column\">\n\t\t\t<div class=\"elementor-widget-wrap elementor-element-populated\">\n\t\t\t\t\t\t<div class=\"elementor-element elementor-element-549409d elementor-widget elementor-widget-spacer\" data-id=\"549409d\" data-element_type=\"widget\" data-widget_type=\"spacer.default\">\n\t\t\t\t<div class=\"elementor-widget-container\">\n\t\t\t\t\t\t\t<div class=\"elementor-spacer\">\n\t\t\t<div class=\"elementor-spacer-inner\"><\/div>\n\t\t<\/div>\n\t\t\t\t\t\t<\/div>\n\t\t\t\t<\/div>\n\t\t\t\t\t<\/div>\n\t\t<\/div>\n\t\t\t\t\t<\/div>\n\t\t<\/section>\n\t\t\t\t<\/div>","protected":false},"excerpt":{"rendered":"<p>Para m\u00e1s informaci\u00f3n contacte con nosotros Solicitar presupuesto Descripci\u00f3n 1060S HARDENER 2,5L Descripci\u00f3n &#8230;&#8230;&#8230;&#8230;&#8230;&#8230;&#8230;&#8230;&#8230;&#8230;&#8230;&#8230;&#8230;&#8230;&#8230;&#8230;&#8230;&#8230;&#8230;&#8230;&#8230;&#8230;&#8230;&#8230;&#8230;&#8230; Informaci\u00f3n t\u00e9cnica Caracter\u00edstica Caracter\u00edstica Caracter\u00edstica Caracter\u00edstica Caracter\u00edstica<\/p>","protected":false},"author":1,"featured_media":0,"parent":0,"menu_order":0,"comment_status":"closed","ping_status":"closed","template":"","meta":{"footnotes":""},"class_list":["post-3950","page","type-page","status-publish","hentry"],"yoast_head":"<!-- This site is optimized with the Yoast SEO plugin v25.3.1 - https:\/\/yoast.com\/wordpress\/plugins\/seo\/ -->\n<title>1060S HARDENER 2,5L - Cetex Auto<\/title>\n<meta name=\"robots\" content=\"index, follow, max-snippet:-1, max-image-preview:large, max-video-preview:-1\" \/>\n<link rel=\"canonical\" href=\"https:\/\/cetexauto.com\/en\/1060s-hardener-25l\/\" \/>\n<meta property=\"og:locale\" content=\"en_GB\" \/>\n<meta property=\"og:type\" content=\"article\" \/>\n<meta property=\"og:title\" content=\"1060S HARDENER 2,5L - Cetex Auto\" \/>\n<meta property=\"og:description\" content=\"Para m\u00e1s informaci\u00f3n contacte con nosotros Solicitar presupuesto Descripci\u00f3n 1060S HARDENER 2,5L Descripci\u00f3n &#8230;&#8230;&#8230;&#8230;&#8230;&#8230;&#8230;&#8230;&#8230;&#8230;&#8230;&#8230;&#8230;&#8230;&#8230;&#8230;&#8230;&#8230;&#8230;&#8230;&#8230;&#8230;&#8230;&#8230;&#8230;&#8230; Informaci\u00f3n t\u00e9cnica Caracter\u00edstica Caracter\u00edstica Caracter\u00edstica Caracter\u00edstica Caracter\u00edstica\" \/>\n<meta property=\"og:url\" content=\"https:\/\/cetexauto.com\/en\/1060s-hardener-25l\/\" \/>\n<meta property=\"og:site_name\" content=\"Cetex Auto\" \/>\n<meta property=\"article:modified_time\" content=\"2023-11-03T11:04:26+00:00\" \/>\n<meta property=\"og:image\" content=\"https:\/\/cetexauto.com\/wp-content\/uploads\/2023\/11\/Enduridor-1060S-25L-370x411.png\" \/>\n<meta name=\"twitter:card\" content=\"summary_large_image\" \/>\n<meta name=\"twitter:label1\" content=\"Estimated reading time\" \/>\n\t<meta name=\"twitter:data1\" content=\"1 minute\" \/>\n<script type=\"application\/ld+json\" class=\"yoast-schema-graph\">{\"@context\":\"https:\/\/schema.org\",\"@graph\":[{\"@type\":\"WebPage\",\"@id\":\"https:\/\/cetexauto.com\/1060s-hardener-25l\/\",\"url\":\"https:\/\/cetexauto.com\/1060s-hardener-25l\/\",\"name\":\"1060S HARDENER 2,5L - Cetex Auto\",\"isPartOf\":{\"@id\":\"https:\/\/cetexauto.com\/#website\"},\"primaryImageOfPage\":{\"@id\":\"https:\/\/cetexauto.com\/1060s-hardener-25l\/#primaryimage\"},\"image\":{\"@id\":\"https:\/\/cetexauto.com\/1060s-hardener-25l\/#primaryimage\"},\"thumbnailUrl\":\"https:\/\/cetexauto.com\/wp-content\/uploads\/2023\/11\/Enduridor-1060S-25L-370x411.png\",\"datePublished\":\"2023-09-04T12:48:10+00:00\",\"dateModified\":\"2023-11-03T11:04:26+00:00\",\"breadcrumb\":{\"@id\":\"https:\/\/cetexauto.com\/1060s-hardener-25l\/#breadcrumb\"},\"inLanguage\":\"en-GB\",\"potentialAction\":[{\"@type\":\"ReadAction\",\"target\":[\"https:\/\/cetexauto.com\/1060s-hardener-25l\/\"]}]},{\"@type\":\"ImageObject\",\"inLanguage\":\"en-GB\",\"@id\":\"https:\/\/cetexauto.com\/1060s-hardener-25l\/#primaryimage\",\"url\":\"https:\/\/cetexauto.com\/wp-content\/uploads\/2023\/11\/Enduridor-1060S-25L-370x411.png\",\"contentUrl\":\"https:\/\/cetexauto.com\/wp-content\/uploads\/2023\/11\/Enduridor-1060S-25L-370x411.png\"},{\"@type\":\"BreadcrumbList\",\"@id\":\"https:\/\/cetexauto.com\/1060s-hardener-25l\/#breadcrumb\",\"itemListElement\":[{\"@type\":\"ListItem\",\"position\":1,\"name\":\"Inicio\",\"item\":\"https:\/\/cetexauto.com\/\"},{\"@type\":\"ListItem\",\"position\":2,\"name\":\"1060S HARDENER 2,5L\"}]},{\"@type\":\"WebSite\",\"@id\":\"https:\/\/cetexauto.com\/#website\",\"url\":\"https:\/\/cetexauto.com\/\",\"name\":\"Cetex Auto\",\"description\":\"Empresa que distribuye pinturas, masillas, imprimaciones y otros para carrocer\u00eda de coches.\",\"publisher\":{\"@id\":\"https:\/\/cetexauto.com\/#organization\"},\"alternateName\":\"Pinturas para coches\",\"potentialAction\":[{\"@type\":\"SearchAction\",\"target\":{\"@type\":\"EntryPoint\",\"urlTemplate\":\"https:\/\/cetexauto.com\/?s={search_term_string}\"},\"query-input\":{\"@type\":\"PropertyValueSpecification\",\"valueRequired\":true,\"valueName\":\"search_term_string\"}}],\"inLanguage\":\"en-GB\"},{\"@type\":\"Organization\",\"@id\":\"https:\/\/cetexauto.com\/#organization\",\"name\":\"Pintures Girona S.A.\",\"url\":\"https:\/\/cetexauto.com\/\",\"logo\":{\"@type\":\"ImageObject\",\"inLanguage\":\"en-GB\",\"@id\":\"https:\/\/cetexauto.com\/#\/schema\/logo\/image\/\",\"url\":\"https:\/\/cetexauto.com\/wp-content\/uploads\/2023\/07\/logo-headerok.fw2_.fw_.png\",\"contentUrl\":\"https:\/\/cetexauto.com\/wp-content\/uploads\/2023\/07\/logo-headerok.fw2_.fw_.png\",\"width\":600,\"height\":600,\"caption\":\"Pintures Girona S.A.\"},\"image\":{\"@id\":\"https:\/\/cetexauto.com\/#\/schema\/logo\/image\/\"}}]}<\/script>\n<!-- \/ Yoast SEO plugin. -->","yoast_head_json":{"title":"1060S HARDENER 2,5L - Cetex Auto","robots":{"index":"index","follow":"follow","max-snippet":"max-snippet:-1","max-image-preview":"max-image-preview:large","max-video-preview":"max-video-preview:-1"},"canonical":"https:\/\/cetexauto.com\/en\/1060s-hardener-25l\/","og_locale":"en_GB","og_type":"article","og_title":"1060S HARDENER 2,5L - Cetex Auto","og_description":"Para m\u00e1s informaci\u00f3n contacte con nosotros Solicitar presupuesto Descripci\u00f3n 1060S HARDENER 2,5L Descripci\u00f3n &#8230;&#8230;&#8230;&#8230;&#8230;&#8230;&#8230;&#8230;&#8230;&#8230;&#8230;&#8230;&#8230;&#8230;&#8230;&#8230;&#8230;&#8230;&#8230;&#8230;&#8230;&#8230;&#8230;&#8230;&#8230;&#8230; Informaci\u00f3n t\u00e9cnica Caracter\u00edstica Caracter\u00edstica Caracter\u00edstica Caracter\u00edstica Caracter\u00edstica","og_url":"https:\/\/cetexauto.com\/en\/1060s-hardener-25l\/","og_site_name":"Cetex Auto","article_modified_time":"2023-11-03T11:04:26+00:00","og_image":[{"url":"https:\/\/cetexauto.com\/wp-content\/uploads\/2023\/11\/Enduridor-1060S-25L-370x411.png","type":"","width":"","height":""}],"twitter_card":"summary_large_image","twitter_misc":{"Estimated reading time":"1 minute"},"schema":{"@context":"https:\/\/schema.org","@graph":[{"@type":"WebPage","@id":"https:\/\/cetexauto.com\/1060s-hardener-25l\/","url":"https:\/\/cetexauto.com\/1060s-hardener-25l\/","name":"1060S HARDENER 2,5L - Cetex Auto","isPartOf":{"@id":"https:\/\/cetexauto.com\/#website"},"primaryImageOfPage":{"@id":"https:\/\/cetexauto.com\/1060s-hardener-25l\/#primaryimage"},"image":{"@id":"https:\/\/cetexauto.com\/1060s-hardener-25l\/#primaryimage"},"thumbnailUrl":"https:\/\/cetexauto.com\/wp-content\/uploads\/2023\/11\/Enduridor-1060S-25L-370x411.png","datePublished":"2023-09-04T12:48:10+00:00","dateModified":"2023-11-03T11:04:26+00:00","breadcrumb":{"@id":"https:\/\/cetexauto.com\/1060s-hardener-25l\/#breadcrumb"},"inLanguage":"en-GB","potentialAction":[{"@type":"ReadAction","target":["https:\/\/cetexauto.com\/1060s-hardener-25l\/"]}]},{"@type":"ImageObject","inLanguage":"en-GB","@id":"https:\/\/cetexauto.com\/1060s-hardener-25l\/#primaryimage","url":"https:\/\/cetexauto.com\/wp-content\/uploads\/2023\/11\/Enduridor-1060S-25L-370x411.png","contentUrl":"https:\/\/cetexauto.com\/wp-content\/uploads\/2023\/11\/Enduridor-1060S-25L-370x411.png"},{"@type":"BreadcrumbList","@id":"https:\/\/cetexauto.com\/1060s-hardener-25l\/#breadcrumb","itemListElement":[{"@type":"ListItem","position":1,"name":"Inicio","item":"https:\/\/cetexauto.com\/"},{"@type":"ListItem","position":2,"name":"1060S HARDENER 2,5L"}]},{"@type":"WebSite","@id":"https:\/\/cetexauto.com\/#website","url":"https:\/\/cetexauto.com\/","name":"Cetex Auto","description":"Empresa que distribuye pinturas, masillas, imprimaciones y otros para carrocer\u00eda de coches.","publisher":{"@id":"https:\/\/cetexauto.com\/#organization"},"alternateName":"Pinturas para coches","potentialAction":[{"@type":"SearchAction","target":{"@type":"EntryPoint","urlTemplate":"https:\/\/cetexauto.com\/?s={search_term_string}"},"query-input":{"@type":"PropertyValueSpecification","valueRequired":true,"valueName":"search_term_string"}}],"inLanguage":"en-GB"},{"@type":"Organization","@id":"https:\/\/cetexauto.com\/#organization","name":"Pintures Girona S.A.","url":"https:\/\/cetexauto.com\/","logo":{"@type":"ImageObject","inLanguage":"en-GB","@id":"https:\/\/cetexauto.com\/#\/schema\/logo\/image\/","url":"https:\/\/cetexauto.com\/wp-content\/uploads\/2023\/07\/logo-headerok.fw2_.fw_.png","contentUrl":"https:\/\/cetexauto.com\/wp-content\/uploads\/2023\/07\/logo-headerok.fw2_.fw_.png","width":600,"height":600,"caption":"Pintures Girona S.A."},"image":{"@id":"https:\/\/cetexauto.com\/#\/schema\/logo\/image\/"}}]}},"_links":{"self":[{"href":"https:\/\/cetexauto.com\/en\/wp-json\/wp\/v2\/pages\/3950","targetHints":{"allow":["GET"]}}],"collection":[{"href":"https:\/\/cetexauto.com\/en\/wp-json\/wp\/v2\/pages"}],"about":[{"href":"https:\/\/cetexauto.com\/en\/wp-json\/wp\/v2\/types\/page"}],"author":[{"embeddable":true,"href":"https:\/\/cetexauto.com\/en\/wp-json\/wp\/v2\/users\/1"}],"replies":[{"embeddable":true,"href":"https:\/\/cetexauto.com\/en\/wp-json\/wp\/v2\/comments?post=3950"}],"version-history":[{"count":7,"href":"https:\/\/cetexauto.com\/en\/wp-json\/wp\/v2\/pages\/3950\/revisions"}],"predecessor-version":[{"id":4292,"href":"https:\/\/cetexauto.com\/en\/wp-json\/wp\/v2\/pages\/3950\/revisions\/4292"}],"wp:attachment":[{"href":"https:\/\/cetexauto.com\/en\/wp-json\/wp\/v2\/media?parent=3950"}],"curies":[{"name":"wp","href":"https:\/\/api.w.org\/{rel}","templated":true}]}}