{"id":2866,"date":"2023-03-23T09:48:06","date_gmt":"2023-03-23T09:48:06","guid":{"rendered":"https:\/\/cetexauto.com\/?page_id=2866"},"modified":"2023-03-23T10:01:32","modified_gmt":"2023-03-23T10:01:32","slug":"politica-de-cookies","status":"publish","type":"page","link":"https:\/\/cetexauto.com\/en\/politica-de-cookies\/","title":{"rendered":"Cookies policy"},"content":{"rendered":"<div data-elementor-type=\"wp-page\" data-elementor-id=\"2866\" class=\"elementor elementor-2866\">\n\t\t\t\t\t\t<section class=\"elementor-section elementor-top-section elementor-element elementor-element-7e66202 elementor-section-boxed elementor-section-height-default elementor-section-height-default\" data-id=\"7e66202\" data-element_type=\"section\">\n\t\t\t\t\t\t<div class=\"elementor-container elementor-column-gap-default\">\n\t\t\t\t\t<div class=\"elementor-column elementor-col-100 elementor-top-column elementor-element elementor-element-8d903d4\" data-id=\"8d903d4\" data-element_type=\"column\">\n\t\t\t<div class=\"elementor-widget-wrap elementor-element-populated\">\n\t\t\t\t\t\t<div class=\"elementor-element elementor-element-168ae1a elementor-widget elementor-widget-text-editor\" data-id=\"168ae1a\" data-element_type=\"widget\" data-widget_type=\"text-editor.default\">\n\t\t\t\t<div class=\"elementor-widget-container\">\n\t\t\t\t\t\t\t\t\t<div class=\"container\"><div class=\"row\"><div class=\"col-md-12\"><div class=\"container\"><p>This website uses cookies. Cookies are small text files in which browsers store information during visits to web pages. In cookies, data such as the IP address, the address being visited, the operating system, the browsing language, as well as other information, can be collected. This information is not associated with any specific person but is only statistical information to analyze the visibility of the different contents of the website.<\/p><p>Below, we offer you information about which cookies this website uses, as well as how to control their management and how to eliminate them completely.<\/p><p><u>Cookies used by this website<\/u>:<\/p><p>This website uses only a Google Analytics cookie. Google Analytics is a free service offered by Google Inc. that collects information on which pages of the website have been consulted, at what time, with which browser, etc. This information is then sent to the servers of Google Inc. in the United States.<\/p><p><u>How can cookies be managed in the browser?<\/u><\/p><p>The user can manage the cookies installed on his computer by configuring his browser options. Below we show you how you can change the configuration of cookie options in the main browsers on the market for your version of PC. If you use other browsers or platforms, please consult the specific documentation provided by the browser developer company. The information shown here for the configuration is for the versions existing at the time of writing this documentation. Instructions may differ in future versions of browsers. In this case, please consult the corresponding support section of the developer company.<\/p><p><strong>To adjust permissions related to cookies in the Google Chrome browser:<\/strong><\/p><ul><li>Click on the menu located on the toolbar.<\/li><li>Select <em>Configuration<\/em>.<\/li><li>Click on <em>show advanced options<\/em>.<\/li><li>In the section <em>Privacy<\/em> click on the button <em>content settings<\/em>.<\/li><li>In the section <em>Cookies<\/em> options can be configured.<\/li><\/ul><p>More information about <a href=\"https:\/\/support.google.com\/chrome\/answer\/95647?hl=es\">Google Chrome<\/a>.<\/p><p><strong>To adjust the permissions related to cookies in the Mozilla Firefox browser:<\/strong><\/p><ul><li>At the top of the Firefox window click on the menu <em>Tools<\/em>.<\/li><li>Select <em>Options<\/em>.<\/li><li>Select panel <em>Privacy<\/em>.<\/li><li>In the Firefox option you can choose <em>Use custom settings for history<\/em> to set the options.<\/li><\/ul><p>More information about <a href=\"http:\/\/support.mozilla.org\/es\/kb\/habilitar-y-deshabilitar-cookies-que-los-sitios-we\">Mozilla Firefox<\/a>.<\/p><p><strong>To adjust the permissions related to cookies in the Internet Explorer browser:<\/strong><\/p><ul><li>At the top of the Internet Explorer window, click on the menu <em>Tools<\/em>.<\/li><li>go to tab <em>Security <\/em>and use the option <em>Delete browsing history<\/em> to delete cookies.<\/li><\/ul><p>More information about <a href=\"http:\/\/windows.microsoft.com\/es-es\/internet-explorer\/delete-manage-cookies\">Internet Explorer<\/a>.<\/p><p>If you block the use of cookies in your browser, some services or features of the website may not be available.<\/p><\/div><\/div><\/div><\/div>\t\t\t\t\t\t\t\t<\/div>\n\t\t\t\t<\/div>\n\t\t\t\t\t<\/div>\n\t\t<\/div>\n\t\t\t\t\t<\/div>\n\t\t<\/section>\n\t\t\t\t<\/div>","protected":false},"excerpt":{"rendered":"<p>Este sitio web utiliza cookies. Las cookies son peque\u00f1os archivos de texto en los que los navegadores almacenan informaci\u00f3n durante las visitas a las p\u00e1ginas web. En las cookies, se pueden recoger datos como la direcci\u00f3n IP, la direcci\u00f3n que se est\u00e1 visitando, el sistema operativo, el idioma de navegaci\u00f3n, adem\u00e1s de otra informaci\u00f3n. Esta [&hellip;]<\/p>","protected":false},"author":1,"featured_media":0,"parent":0,"menu_order":0,"comment_status":"closed","ping_status":"closed","template":"","meta":{"footnotes":""},"class_list":["post-2866","page","type-page","status-publish","hentry"],"yoast_head":"<!-- This site is optimized with the Yoast SEO plugin v25.3.1 - https:\/\/yoast.com\/wordpress\/plugins\/seo\/ -->\n<title>Pol\u00edtica de cookies - Cetex Auto<\/title>\n<meta name=\"robots\" content=\"index, follow, max-snippet:-1, max-image-preview:large, max-video-preview:-1\" \/>\n<link rel=\"canonical\" href=\"https:\/\/cetexauto.com\/en\/politica-de-cookies\/\" \/>\n<meta property=\"og:locale\" content=\"en_GB\" \/>\n<meta property=\"og:type\" content=\"article\" \/>\n<meta property=\"og:title\" content=\"Pol\u00edtica de cookies - Cetex Auto\" \/>\n<meta property=\"og:description\" content=\"Este sitio web utiliza cookies. Las cookies son peque\u00f1os archivos de texto en los que los navegadores almacenan informaci\u00f3n durante las visitas a las p\u00e1ginas web. En las cookies, se pueden recoger datos como la direcci\u00f3n IP, la direcci\u00f3n que se est\u00e1 visitando, el sistema operativo, el idioma de navegaci\u00f3n, adem\u00e1s de otra informaci\u00f3n. Esta [&hellip;]\" \/>\n<meta property=\"og:url\" content=\"https:\/\/cetexauto.com\/en\/politica-de-cookies\/\" \/>\n<meta property=\"og:site_name\" content=\"Cetex Auto\" \/>\n<meta property=\"article:modified_time\" content=\"2023-03-23T10:01:32+00:00\" \/>\n<meta property=\"og:image\" content=\"https:\/\/cetexauto.com\/wp-content\/uploads\/2023\/05\/logo_definitivo.fw_.png\" \/>\n\t<meta property=\"og:image:width\" content=\"700\" \/>\n\t<meta property=\"og:image:height\" content=\"620\" \/>\n\t<meta property=\"og:image:type\" content=\"image\/png\" \/>\n<meta name=\"twitter:card\" content=\"summary_large_image\" \/>\n<meta name=\"twitter:label1\" content=\"Estimated reading time\" \/>\n\t<meta name=\"twitter:data1\" content=\"3 minutes\" \/>\n<script type=\"application\/ld+json\" class=\"yoast-schema-graph\">{\"@context\":\"https:\/\/schema.org\",\"@graph\":[{\"@type\":\"WebPage\",\"@id\":\"https:\/\/cetexauto.com\/politica-de-cookies\/\",\"url\":\"https:\/\/cetexauto.com\/politica-de-cookies\/\",\"name\":\"Pol\u00edtica de cookies - Cetex Auto\",\"isPartOf\":{\"@id\":\"https:\/\/cetexauto.com\/#website\"},\"datePublished\":\"2023-03-23T09:48:06+00:00\",\"dateModified\":\"2023-03-23T10:01:32+00:00\",\"breadcrumb\":{\"@id\":\"https:\/\/cetexauto.com\/politica-de-cookies\/#breadcrumb\"},\"inLanguage\":\"en-GB\",\"potentialAction\":[{\"@type\":\"ReadAction\",\"target\":[\"https:\/\/cetexauto.com\/politica-de-cookies\/\"]}]},{\"@type\":\"BreadcrumbList\",\"@id\":\"https:\/\/cetexauto.com\/politica-de-cookies\/#breadcrumb\",\"itemListElement\":[{\"@type\":\"ListItem\",\"position\":1,\"name\":\"Inicio\",\"item\":\"https:\/\/cetexauto.com\/\"},{\"@type\":\"ListItem\",\"position\":2,\"name\":\"Pol\u00edtica de cookies\"}]},{\"@type\":\"WebSite\",\"@id\":\"https:\/\/cetexauto.com\/#website\",\"url\":\"https:\/\/cetexauto.com\/\",\"name\":\"Cetex Auto\",\"description\":\"Empresa que distribuye pinturas, masillas, imprimaciones y otros para carrocer\u00eda de coches.\",\"publisher\":{\"@id\":\"https:\/\/cetexauto.com\/#organization\"},\"alternateName\":\"Pinturas para coches\",\"potentialAction\":[{\"@type\":\"SearchAction\",\"target\":{\"@type\":\"EntryPoint\",\"urlTemplate\":\"https:\/\/cetexauto.com\/?s={search_term_string}\"},\"query-input\":{\"@type\":\"PropertyValueSpecification\",\"valueRequired\":true,\"valueName\":\"search_term_string\"}}],\"inLanguage\":\"en-GB\"},{\"@type\":\"Organization\",\"@id\":\"https:\/\/cetexauto.com\/#organization\",\"name\":\"Pintures Girona S.A.\",\"url\":\"https:\/\/cetexauto.com\/\",\"logo\":{\"@type\":\"ImageObject\",\"inLanguage\":\"en-GB\",\"@id\":\"https:\/\/cetexauto.com\/#\/schema\/logo\/image\/\",\"url\":\"https:\/\/cetexauto.com\/wp-content\/uploads\/2023\/07\/logo-headerok.fw2_.fw_.png\",\"contentUrl\":\"https:\/\/cetexauto.com\/wp-content\/uploads\/2023\/07\/logo-headerok.fw2_.fw_.png\",\"width\":600,\"height\":600,\"caption\":\"Pintures Girona S.A.\"},\"image\":{\"@id\":\"https:\/\/cetexauto.com\/#\/schema\/logo\/image\/\"}}]}<\/script>\n<!-- \/ Yoast SEO plugin. -->","yoast_head_json":{"title":"Pol\u00edtica de cookies - Cetex Auto","robots":{"index":"index","follow":"follow","max-snippet":"max-snippet:-1","max-image-preview":"max-image-preview:large","max-video-preview":"max-video-preview:-1"},"canonical":"https:\/\/cetexauto.com\/en\/politica-de-cookies\/","og_locale":"en_GB","og_type":"article","og_title":"Pol\u00edtica de cookies - Cetex Auto","og_description":"Este sitio web utiliza cookies. Las cookies son peque\u00f1os archivos de texto en los que los navegadores almacenan informaci\u00f3n durante las visitas a las p\u00e1ginas web. En las cookies, se pueden recoger datos como la direcci\u00f3n IP, la direcci\u00f3n que se est\u00e1 visitando, el sistema operativo, el idioma de navegaci\u00f3n, adem\u00e1s de otra informaci\u00f3n. Esta [&hellip;]","og_url":"https:\/\/cetexauto.com\/en\/politica-de-cookies\/","og_site_name":"Cetex Auto","article_modified_time":"2023-03-23T10:01:32+00:00","og_image":[{"width":700,"height":620,"url":"https:\/\/cetexauto.com\/wp-content\/uploads\/2023\/05\/logo_definitivo.fw_.png","type":"image\/png"}],"twitter_card":"summary_large_image","twitter_misc":{"Estimated reading time":"3 minutes"},"schema":{"@context":"https:\/\/schema.org","@graph":[{"@type":"WebPage","@id":"https:\/\/cetexauto.com\/politica-de-cookies\/","url":"https:\/\/cetexauto.com\/politica-de-cookies\/","name":"Pol\u00edtica de cookies - Cetex Auto","isPartOf":{"@id":"https:\/\/cetexauto.com\/#website"},"datePublished":"2023-03-23T09:48:06+00:00","dateModified":"2023-03-23T10:01:32+00:00","breadcrumb":{"@id":"https:\/\/cetexauto.com\/politica-de-cookies\/#breadcrumb"},"inLanguage":"en-GB","potentialAction":[{"@type":"ReadAction","target":["https:\/\/cetexauto.com\/politica-de-cookies\/"]}]},{"@type":"BreadcrumbList","@id":"https:\/\/cetexauto.com\/politica-de-cookies\/#breadcrumb","itemListElement":[{"@type":"ListItem","position":1,"name":"Inicio","item":"https:\/\/cetexauto.com\/"},{"@type":"ListItem","position":2,"name":"Pol\u00edtica de cookies"}]},{"@type":"WebSite","@id":"https:\/\/cetexauto.com\/#website","url":"https:\/\/cetexauto.com\/","name":"Cetex Auto","description":"Empresa que distribuye pinturas, masillas, imprimaciones y otros para carrocer\u00eda de coches.","publisher":{"@id":"https:\/\/cetexauto.com\/#organization"},"alternateName":"Pinturas para coches","potentialAction":[{"@type":"SearchAction","target":{"@type":"EntryPoint","urlTemplate":"https:\/\/cetexauto.com\/?s={search_term_string}"},"query-input":{"@type":"PropertyValueSpecification","valueRequired":true,"valueName":"search_term_string"}}],"inLanguage":"en-GB"},{"@type":"Organization","@id":"https:\/\/cetexauto.com\/#organization","name":"Pintures Girona S.A.","url":"https:\/\/cetexauto.com\/","logo":{"@type":"ImageObject","inLanguage":"en-GB","@id":"https:\/\/cetexauto.com\/#\/schema\/logo\/image\/","url":"https:\/\/cetexauto.com\/wp-content\/uploads\/2023\/07\/logo-headerok.fw2_.fw_.png","contentUrl":"https:\/\/cetexauto.com\/wp-content\/uploads\/2023\/07\/logo-headerok.fw2_.fw_.png","width":600,"height":600,"caption":"Pintures Girona S.A."},"image":{"@id":"https:\/\/cetexauto.com\/#\/schema\/logo\/image\/"}}]}},"_links":{"self":[{"href":"https:\/\/cetexauto.com\/en\/wp-json\/wp\/v2\/pages\/2866","targetHints":{"allow":["GET"]}}],"collection":[{"href":"https:\/\/cetexauto.com\/en\/wp-json\/wp\/v2\/pages"}],"about":[{"href":"https:\/\/cetexauto.com\/en\/wp-json\/wp\/v2\/types\/page"}],"author":[{"embeddable":true,"href":"https:\/\/cetexauto.com\/en\/wp-json\/wp\/v2\/users\/1"}],"replies":[{"embeddable":true,"href":"https:\/\/cetexauto.com\/en\/wp-json\/wp\/v2\/comments?post=2866"}],"version-history":[{"count":4,"href":"https:\/\/cetexauto.com\/en\/wp-json\/wp\/v2\/pages\/2866\/revisions"}],"predecessor-version":[{"id":2883,"href":"https:\/\/cetexauto.com\/en\/wp-json\/wp\/v2\/pages\/2866\/revisions\/2883"}],"wp:attachment":[{"href":"https:\/\/cetexauto.com\/en\/wp-json\/wp\/v2\/media?parent=2866"}],"curies":[{"name":"wp","href":"https:\/\/api.w.org\/{rel}","templated":true}]}}