{"id":2864,"date":"2023-03-23T09:47:34","date_gmt":"2023-03-23T09:47:34","guid":{"rendered":"https:\/\/cetexauto.com\/?page_id=2864"},"modified":"2023-03-23T09:57:53","modified_gmt":"2023-03-23T09:57:53","slug":"aviso-legal","status":"publish","type":"page","link":"https:\/\/cetexauto.com\/en\/aviso-legal\/","title":{"rendered":"Legal warning"},"content":{"rendered":"<div data-elementor-type=\"wp-page\" data-elementor-id=\"2864\" class=\"elementor elementor-2864\">\n\t\t\t\t\t\t<section class=\"elementor-section elementor-top-section elementor-element elementor-element-78982b5 elementor-section-boxed elementor-section-height-default elementor-section-height-default\" data-id=\"78982b5\" data-element_type=\"section\">\n\t\t\t\t\t\t<div class=\"elementor-container elementor-column-gap-default\">\n\t\t\t\t\t<div class=\"elementor-column elementor-col-100 elementor-top-column elementor-element elementor-element-afc9ae4\" data-id=\"afc9ae4\" data-element_type=\"column\">\n\t\t\t<div class=\"elementor-widget-wrap elementor-element-populated\">\n\t\t\t\t\t\t<div class=\"elementor-element elementor-element-1b7cbe9 elementor-widget elementor-widget-text-editor\" data-id=\"1b7cbe9\" data-element_type=\"widget\" data-widget_type=\"text-editor.default\">\n\t\t\t\t<div class=\"elementor-widget-container\">\n\t\t\t\t\t\t\t\t\t<div id=\"content-wrapper\" class=\"js-content-wrapper col-xs-12\"><section id=\"main\"><section id=\"content\" class=\"page-content page-cms page-cms-2\"><div class=\"elementor elementor-2070101 ce-edit-wrapper\"><div class=\"elementor-inner\"><div class=\"elementor-section-wrap\"><section class=\"elementor-element elementor-element-fldzrms elementor-section-boxed elementor-section-height-default elementor-section-height-default elementor-section elementor-top-section\" data-id=\"fldzrms\" data-element_type=\"section\"><div class=\"elementor-container elementor-column-gap-no\"><div class=\"elementor-row\"><div class=\"elementor-element elementor-element-fecfmrz elementor-column elementor-col-100 elementor-top-column\" data-id=\"fecfmrz\" data-element_type=\"column\"><div class=\"elementor-column-wrap elementor-element-populated\"><div class=\"elementor-widget-wrap\"><div class=\"elementor-element elementor-element-ybcejho elementor-widget elementor-widget-text-editor\" data-id=\"ybcejho\" data-element_type=\"text-editor.default\"><div class=\"elementor-widget-container\"><div class=\"elementor-text-editor elementor-clearfix\"><p>In accordance with article 10 of Law 34\/2002, of July 11, on Services of the Information Society and Electronic Commerce, we inform you that this web page and the domain pinturesgirona.cat belong to Pintures Girona, SA, with address at c. Bescan\u00f3, 31, Girona (CP 17007), tel. 972 23 65 13 \/ 649 909 672. The CIF of Pintures Girona, SA is A17116229.<\/p><p>\u00a0<\/p><p class=\"strong\"><strong>INTELLECTUAL AND INDUSTRIAL PROPERTY RIGHTS<\/strong><\/p><p>The entire content of this web page, the logos, texts, photographs, designs, product references or other elements, as well as its structure, design, color combinations or way of presenting the contents, is affected by intellectual and industrial property rights owned by Pintures Girona, SA or by third parties with whom Pintures Girona, SA has agreed to their use. These rights must be respected by the users of the website. Pintures Girona, SA disseminates all this information through the website in order to advertise its products and activities. Pintures Girona, SA warns that all these elements and references can only be used for this purpose and always citing their origin and identification references. Its transformation or alteration is not lawful, nor is it public communication or any other form of exploitation by any technique or procedure without the express authorization of Pintures Girona, SA.<\/p><p>\u00a0<\/p><p class=\"strong\"><strong>RESPONSIBILITY FOR THE CONTENTS<\/strong><\/p><p>The user of this web page accesses it on their own account and initiative. Pintures Girona, SA is not responsible for any errors or omissions that may affect its contents. The references that appear in pinturesgirona.cat have an exclusively informative function and do not oblige the owner of the web page until the confirmation of the acceptance of a contract. Pintures Girona, SA cannot be held responsible for any damage that may derive from the use of this web page, nor for any action carried out based on the information provided on it.<\/p><p>\u00a0<\/p><p>Pintures Girona, SA declines any responsibility regarding the information of any kind contained in other web pages that can be accessed through links from this web page. The function of the links entered on the web page is to communicate the existence of other sources of information on the topic covered on the source page and does not imply any suggestion or invitation to the user to visit the destination web pages. Pintures Girona, SA is not responsible for the results obtained through these links, which are not controlled or verified by Pintures Girona, SA.<\/p><p>\u00a0<\/p><p class=\"strong\"><strong>DATA PROTECTION<\/strong><\/p><p>In compliance with article 5 of Organic Law 15\/1999 of December 13 on the Protection of Personal Data, Pintures Girona, SA informs that the personal data collected from this web page will not be registered in any file nor will they be subject to any kind of treatment, but will only be used to meet requests for information from people who contact Pintures Girona, SA by this means. They will only be included in the files of Pintures Girona, SA with the prior consent of the interested parties and in no case will they be transferred to third parties without their prior consent.<\/p><p>\u00a0<\/p><p class=\"strong\"><strong>AUTHORIZATION TO LINK WITH PINTURESGIRONA.CAT<\/strong><\/p><p>The establishment of links to any section of this web page is authorized as long as the real address that is accessed is visible in the address bar of the browser. Links may be made using the address, company name and\/or other keywords.<\/p><\/div><\/div><\/div><\/div><\/div><\/div><\/div><\/div><\/section><\/div><\/div><i class=\"ce-icon\"><\/i><div class=\"ce-edit-outline\">\u00a0<\/div><\/div><\/section><footer class=\"page-footer\"><\/footer><\/section><\/div>\t\t\t\t\t\t\t\t<\/div>\n\t\t\t\t<\/div>\n\t\t\t\t\t<\/div>\n\t\t<\/div>\n\t\t\t\t\t<\/div>\n\t\t<\/section>\n\t\t\t\t<\/div>","protected":false},"excerpt":{"rendered":"<p>De acuerdo con el art\u00edculo 10 de la Ley 34\/2002, de 11 de julio, de Servicios de la Sociedad de la Informaci\u00f3n y Comercio Electr\u00f3nico, informamos que esta p\u00e1gina web y el dominio pinturesgirona.cat pertenecen a Pintures Girona, SA, con domicilio en c. Bescan\u00f3, 31, de Girona (CP 17007), tfno. 972 23 65 13 \/ [&hellip;]<\/p>","protected":false},"author":1,"featured_media":0,"parent":0,"menu_order":0,"comment_status":"closed","ping_status":"closed","template":"","meta":{"footnotes":""},"class_list":["post-2864","page","type-page","status-publish","hentry"],"yoast_head":"<!-- This site is optimized with the Yoast SEO plugin v25.3.1 - https:\/\/yoast.com\/wordpress\/plugins\/seo\/ -->\n<title>Aviso legal - Cetex Auto<\/title>\n<meta name=\"robots\" content=\"index, follow, max-snippet:-1, max-image-preview:large, max-video-preview:-1\" \/>\n<link rel=\"canonical\" href=\"https:\/\/cetexauto.com\/en\/aviso-legal\/\" \/>\n<meta property=\"og:locale\" content=\"en_GB\" \/>\n<meta property=\"og:type\" content=\"article\" \/>\n<meta property=\"og:title\" content=\"Aviso legal - Cetex Auto\" \/>\n<meta property=\"og:description\" content=\"De acuerdo con el art\u00edculo 10 de la Ley 34\/2002, de 11 de julio, de Servicios de la Sociedad de la Informaci\u00f3n y Comercio Electr\u00f3nico, informamos que esta p\u00e1gina web y el dominio pinturesgirona.cat pertenecen a Pintures Girona, SA, con domicilio en c. Bescan\u00f3, 31, de Girona (CP 17007), tfno. 972 23 65 13 \/ [&hellip;]\" \/>\n<meta property=\"og:url\" content=\"https:\/\/cetexauto.com\/en\/aviso-legal\/\" \/>\n<meta property=\"og:site_name\" content=\"Cetex Auto\" \/>\n<meta property=\"article:modified_time\" content=\"2023-03-23T09:57:53+00:00\" \/>\n<meta property=\"og:image\" content=\"https:\/\/cetexauto.com\/wp-content\/uploads\/2023\/05\/logo_definitivo.fw_.png\" \/>\n\t<meta property=\"og:image:width\" content=\"700\" \/>\n\t<meta property=\"og:image:height\" content=\"620\" \/>\n\t<meta property=\"og:image:type\" content=\"image\/png\" \/>\n<meta name=\"twitter:card\" content=\"summary_large_image\" \/>\n<meta name=\"twitter:label1\" content=\"Estimated reading time\" \/>\n\t<meta name=\"twitter:data1\" content=\"6 minutes\" \/>\n<script type=\"application\/ld+json\" class=\"yoast-schema-graph\">{\"@context\":\"https:\/\/schema.org\",\"@graph\":[{\"@type\":\"WebPage\",\"@id\":\"https:\/\/cetexauto.com\/aviso-legal\/\",\"url\":\"https:\/\/cetexauto.com\/aviso-legal\/\",\"name\":\"Aviso legal - Cetex Auto\",\"isPartOf\":{\"@id\":\"https:\/\/cetexauto.com\/#website\"},\"datePublished\":\"2023-03-23T09:47:34+00:00\",\"dateModified\":\"2023-03-23T09:57:53+00:00\",\"breadcrumb\":{\"@id\":\"https:\/\/cetexauto.com\/aviso-legal\/#breadcrumb\"},\"inLanguage\":\"en-GB\",\"potentialAction\":[{\"@type\":\"ReadAction\",\"target\":[\"https:\/\/cetexauto.com\/aviso-legal\/\"]}]},{\"@type\":\"BreadcrumbList\",\"@id\":\"https:\/\/cetexauto.com\/aviso-legal\/#breadcrumb\",\"itemListElement\":[{\"@type\":\"ListItem\",\"position\":1,\"name\":\"Inicio\",\"item\":\"https:\/\/cetexauto.com\/\"},{\"@type\":\"ListItem\",\"position\":2,\"name\":\"Aviso legal\"}]},{\"@type\":\"WebSite\",\"@id\":\"https:\/\/cetexauto.com\/#website\",\"url\":\"https:\/\/cetexauto.com\/\",\"name\":\"Cetex Auto\",\"description\":\"Empresa que distribuye pinturas, masillas, imprimaciones y otros para carrocer\u00eda de coches.\",\"publisher\":{\"@id\":\"https:\/\/cetexauto.com\/#organization\"},\"alternateName\":\"Pinturas para coches\",\"potentialAction\":[{\"@type\":\"SearchAction\",\"target\":{\"@type\":\"EntryPoint\",\"urlTemplate\":\"https:\/\/cetexauto.com\/?s={search_term_string}\"},\"query-input\":{\"@type\":\"PropertyValueSpecification\",\"valueRequired\":true,\"valueName\":\"search_term_string\"}}],\"inLanguage\":\"en-GB\"},{\"@type\":\"Organization\",\"@id\":\"https:\/\/cetexauto.com\/#organization\",\"name\":\"Pintures Girona S.A.\",\"url\":\"https:\/\/cetexauto.com\/\",\"logo\":{\"@type\":\"ImageObject\",\"inLanguage\":\"en-GB\",\"@id\":\"https:\/\/cetexauto.com\/#\/schema\/logo\/image\/\",\"url\":\"https:\/\/cetexauto.com\/wp-content\/uploads\/2023\/07\/logo-headerok.fw2_.fw_.png\",\"contentUrl\":\"https:\/\/cetexauto.com\/wp-content\/uploads\/2023\/07\/logo-headerok.fw2_.fw_.png\",\"width\":600,\"height\":600,\"caption\":\"Pintures Girona S.A.\"},\"image\":{\"@id\":\"https:\/\/cetexauto.com\/#\/schema\/logo\/image\/\"}}]}<\/script>\n<!-- \/ Yoast SEO plugin. -->","yoast_head_json":{"title":"Aviso legal - Cetex Auto","robots":{"index":"index","follow":"follow","max-snippet":"max-snippet:-1","max-image-preview":"max-image-preview:large","max-video-preview":"max-video-preview:-1"},"canonical":"https:\/\/cetexauto.com\/en\/aviso-legal\/","og_locale":"en_GB","og_type":"article","og_title":"Aviso legal - Cetex Auto","og_description":"De acuerdo con el art\u00edculo 10 de la Ley 34\/2002, de 11 de julio, de Servicios de la Sociedad de la Informaci\u00f3n y Comercio Electr\u00f3nico, informamos que esta p\u00e1gina web y el dominio pinturesgirona.cat pertenecen a Pintures Girona, SA, con domicilio en c. Bescan\u00f3, 31, de Girona (CP 17007), tfno. 972 23 65 13 \/ [&hellip;]","og_url":"https:\/\/cetexauto.com\/en\/aviso-legal\/","og_site_name":"Cetex Auto","article_modified_time":"2023-03-23T09:57:53+00:00","og_image":[{"width":700,"height":620,"url":"https:\/\/cetexauto.com\/wp-content\/uploads\/2023\/05\/logo_definitivo.fw_.png","type":"image\/png"}],"twitter_card":"summary_large_image","twitter_misc":{"Estimated reading time":"6 minutes"},"schema":{"@context":"https:\/\/schema.org","@graph":[{"@type":"WebPage","@id":"https:\/\/cetexauto.com\/aviso-legal\/","url":"https:\/\/cetexauto.com\/aviso-legal\/","name":"Aviso legal - Cetex Auto","isPartOf":{"@id":"https:\/\/cetexauto.com\/#website"},"datePublished":"2023-03-23T09:47:34+00:00","dateModified":"2023-03-23T09:57:53+00:00","breadcrumb":{"@id":"https:\/\/cetexauto.com\/aviso-legal\/#breadcrumb"},"inLanguage":"en-GB","potentialAction":[{"@type":"ReadAction","target":["https:\/\/cetexauto.com\/aviso-legal\/"]}]},{"@type":"BreadcrumbList","@id":"https:\/\/cetexauto.com\/aviso-legal\/#breadcrumb","itemListElement":[{"@type":"ListItem","position":1,"name":"Inicio","item":"https:\/\/cetexauto.com\/"},{"@type":"ListItem","position":2,"name":"Aviso legal"}]},{"@type":"WebSite","@id":"https:\/\/cetexauto.com\/#website","url":"https:\/\/cetexauto.com\/","name":"Cetex Auto","description":"Empresa que distribuye pinturas, masillas, imprimaciones y otros para carrocer\u00eda de coches.","publisher":{"@id":"https:\/\/cetexauto.com\/#organization"},"alternateName":"Pinturas para coches","potentialAction":[{"@type":"SearchAction","target":{"@type":"EntryPoint","urlTemplate":"https:\/\/cetexauto.com\/?s={search_term_string}"},"query-input":{"@type":"PropertyValueSpecification","valueRequired":true,"valueName":"search_term_string"}}],"inLanguage":"en-GB"},{"@type":"Organization","@id":"https:\/\/cetexauto.com\/#organization","name":"Pintures Girona S.A.","url":"https:\/\/cetexauto.com\/","logo":{"@type":"ImageObject","inLanguage":"en-GB","@id":"https:\/\/cetexauto.com\/#\/schema\/logo\/image\/","url":"https:\/\/cetexauto.com\/wp-content\/uploads\/2023\/07\/logo-headerok.fw2_.fw_.png","contentUrl":"https:\/\/cetexauto.com\/wp-content\/uploads\/2023\/07\/logo-headerok.fw2_.fw_.png","width":600,"height":600,"caption":"Pintures Girona S.A."},"image":{"@id":"https:\/\/cetexauto.com\/#\/schema\/logo\/image\/"}}]}},"_links":{"self":[{"href":"https:\/\/cetexauto.com\/en\/wp-json\/wp\/v2\/pages\/2864","targetHints":{"allow":["GET"]}}],"collection":[{"href":"https:\/\/cetexauto.com\/en\/wp-json\/wp\/v2\/pages"}],"about":[{"href":"https:\/\/cetexauto.com\/en\/wp-json\/wp\/v2\/types\/page"}],"author":[{"embeddable":true,"href":"https:\/\/cetexauto.com\/en\/wp-json\/wp\/v2\/users\/1"}],"replies":[{"embeddable":true,"href":"https:\/\/cetexauto.com\/en\/wp-json\/wp\/v2\/comments?post=2864"}],"version-history":[{"count":4,"href":"https:\/\/cetexauto.com\/en\/wp-json\/wp\/v2\/pages\/2864\/revisions"}],"predecessor-version":[{"id":2877,"href":"https:\/\/cetexauto.com\/en\/wp-json\/wp\/v2\/pages\/2864\/revisions\/2877"}],"wp:attachment":[{"href":"https:\/\/cetexauto.com\/en\/wp-json\/wp\/v2\/media?parent=2864"}],"curies":[{"name":"wp","href":"https:\/\/api.w.org\/{rel}","templated":true}]}}