{"id":225,"date":"2017-03-15T05:42:34","date_gmt":"2017-03-15T05:42:34","guid":{"rendered":"https:\/\/smartdata.tonytemplates.com\/car-repair-service-v4-services\/?page_id=225"},"modified":"2023-07-03T07:14:06","modified_gmt":"2023-07-03T07:14:06","slug":"preguntas-frecuentes","status":"publish","type":"page","link":"https:\/\/cetexauto.com\/en\/preguntas-frecuentes\/","title":{"rendered":"FAQ"},"content":{"rendered":"<div data-elementor-type=\"wp-page\" data-elementor-id=\"225\" class=\"elementor elementor-225\">\n\t\t\t\t\t\t<section class=\"elementor-section elementor-top-section elementor-element elementor-element-2e3b5b4 block elementor-section-boxed elementor-section-height-default elementor-section-height-default\" data-id=\"2e3b5b4\" data-element_type=\"section\">\n\t\t\t\t\t\t<div class=\"elementor-container elementor-column-gap-no\">\n\t\t\t\t\t<div class=\"elementor-column elementor-col-50 elementor-top-column elementor-element elementor-element-e359935\" data-id=\"e359935\" data-element_type=\"column\">\n\t\t\t<div class=\"elementor-widget-wrap elementor-element-populated\">\n\t\t\t\t\t\t<div class=\"elementor-element elementor-element-b565e23 elementor-widget elementor-widget-crs_accordian\" data-id=\"b565e23\" data-element_type=\"widget\" data-widget_type=\"crs_accordian.default\">\n\t\t\t\t<div class=\"elementor-widget-container\">\n\t\t\t\t\t\t\t\t<div class=\"faq-accordion\">\r\n\t\t\t\t\t\t\t<div class=\"faq__item\">\r\n\t\t\t\t\t<div class=\"faq__title\">\r\n\t\t\t\tCan I distribute CETEX products in my province?\t\t\t\t\t\t<div class=\"icon\"><\/div>\r\n\t\t\t\t\t<\/div>\r\n\t\t\t\t\t<div class=\"faq__content\">\r\n\t\t\t\t\t<p>Fill out the questionnaire at the bottom of the page and we will inform you of everything.<\/p>\t\t\t\t\t<\/div>\r\n\t\t\t\t<\/div>\r\n\t\t\t\t\t\t\t\t<div class=\"faq__item\">\r\n\t\t\t\t\t<div class=\"faq__title\">\r\n\t\t\t\tI am a professional in the sector and I want to buy your products\t\t\t\t\t\t<div class=\"icon\"><\/div>\r\n\t\t\t\t\t<\/div>\r\n\t\t\t\t\t<div class=\"faq__content\">\r\n\t\t\t\t\t<p>Fill out the questionnaire at the bottom of the page and we will tell you how to do it.<\/p>\t\t\t\t\t<\/div>\r\n\t\t\t\t<\/div>\r\n\t\t\t\t\t\t\t\t<div class=\"faq__item\">\r\n\t\t\t\t\t<div class=\"faq__title\">\r\n\t\t\t\tI am a fan and I want to buy your products.\t\t\t\t\t\t<div class=\"icon\"><\/div>\r\n\t\t\t\t\t<\/div>\r\n\t\t\t\t\t<div class=\"faq__content\">\r\n\t\t\t\t\tFill out the questionnaire at the bottom of the page and we will tell you how to do it.\t\t\t\t\t<\/div>\r\n\t\t\t\t<\/div>\r\n\t\t\t\t\t\t\t<\/div>\r\n\t\t\t\t\t\t<\/div>\n\t\t\t\t<\/div>\n\t\t\t\t\t<\/div>\n\t\t<\/div>\n\t\t\t\t<div class=\"elementor-column elementor-col-50 elementor-top-column elementor-element elementor-element-72dcd37\" data-id=\"72dcd37\" data-element_type=\"column\">\n\t\t\t<div class=\"elementor-widget-wrap elementor-element-populated\">\n\t\t\t\t\t\t<div class=\"elementor-element elementor-element-622ac38 elementor-widget elementor-widget-crs_accordian\" data-id=\"622ac38\" data-element_type=\"widget\" data-widget_type=\"crs_accordian.default\">\n\t\t\t\t<div class=\"elementor-widget-container\">\n\t\t\t\t\t\t\t\t<div class=\"faq-accordion\">\r\n\t\t\t\t\t\t\t<div class=\"faq__item\">\r\n\t\t\t\t\t<div class=\"faq__title\">\r\n\t\t\t\tI need technical advice.\t\t\t\t\t\t<div class=\"icon\"><\/div>\r\n\t\t\t\t\t<\/div>\r\n\t\t\t\t\t<div class=\"faq__content\">\r\n\t\t\t\t\t<p>Fill out the questionnaire at the bottom of the page and we will advise you.<\/p>\t\t\t\t\t<\/div>\r\n\t\t\t\t<\/div>\r\n\t\t\t\t\t\t\t\t<div class=\"faq__item\">\r\n\t\t\t\t\t<div class=\"faq__title\">\r\n\t\t\t\tDo we ship outside of Spain?\t\t\t\t\t\t<div class=\"icon\"><\/div>\r\n\t\t\t\t\t<\/div>\r\n\t\t\t\t\t<div class=\"faq__content\">\r\n\t\t\t\t\t<p>Yes, we place orders throughout the European Union.<\/p>\t\t\t\t\t<\/div>\r\n\t\t\t\t<\/div>\r\n\t\t\t\t\t\t\t\t<div class=\"faq__item\">\r\n\t\t\t\t\t<div class=\"faq__title\">\r\n\t\t\t\tCan CETEX brand products be purchased anywhere else?\t\t\t\t\t\t<div class=\"icon\"><\/div>\r\n\t\t\t\t\t<\/div>\r\n\t\t\t\t\t<div class=\"faq__content\">\r\n\t\t\t\t\t<p>For now here, on the official site, but soon in an online distributor.<\/p>\t\t\t\t\t<\/div>\r\n\t\t\t\t<\/div>\r\n\t\t\t\t\t\t\t<\/div>\r\n\t\t\t\t\t\t<\/div>\n\t\t\t\t<\/div>\n\t\t\t\t\t<\/div>\n\t\t<\/div>\n\t\t\t\t\t<\/div>\n\t\t<\/section>\n\t\t\t\t<section class=\"elementor-section elementor-top-section elementor-element elementor-element-59f9664 elementor-section-stretched elementor-section-full_width elementor-section-height-default elementor-section-height-default\" data-id=\"59f9664\" data-element_type=\"section\" data-settings=\"{&quot;stretch_section&quot;:&quot;section-stretched&quot;}\">\n\t\t\t\t\t\t<div class=\"elementor-container elementor-column-gap-default\">\n\t\t\t\t\t<div class=\"elementor-column elementor-col-100 elementor-top-column elementor-element elementor-element-1e922ba\" data-id=\"1e922ba\" data-element_type=\"column\">\n\t\t\t<div class=\"elementor-widget-wrap elementor-element-populated\">\n\t\t\t\t\t\t<div class=\"elementor-element elementor-element-e893fa0 elementor-widget elementor-widget-car_question_Form\" data-id=\"e893fa0\" data-element_type=\"widget\" data-widget_type=\"car_question_Form.default\">\n\t\t\t\t<div class=\"elementor-widget-container\">\n\t\t\t\t\t\r\n        <div class=\"block\">\r\n\t\t\t<div class=\"container\">\r\n\t\t\t<div class=\"block-title\">\r\n\t\t\t\t<h2 class=\"block-title__title\">Do you have any question?<\/h2>\r\n\t\t\t\t<div class=\"block-title__description\">\r\n\t\t\t\tFill out the questionnaire and we will solve your doubts\t\t\t\t<\/div>\r\n\t\t\t\t<div class=\"title-separator\"><\/div>\r\n\t\t\t<\/div>\r\n\t\t\t\n<div class=\"wpcf7 no-js\" id=\"wpcf7-f2220-o1\" lang=\"en-US\" dir=\"ltr\" data-wpcf7-id=\"2220\">\n<div class=\"screen-reader-response\"><p role=\"status\" aria-live=\"polite\" aria-atomic=\"true\"><\/p> <ul><\/ul><\/div>\n<form action=\"\/en\/wp-json\/wp\/v2\/pages\/225#wpcf7-f2220-o1\" method=\"post\" class=\"wpcf7-form init\" aria-label=\"Contact form\" novalidate=\"novalidate\" data-status=\"init\" data-trp-original-action=\"\/en\/wp-json\/wp\/v2\/pages\/225#wpcf7-f2220-o1\">\n<fieldset class=\"hidden-fields-container\"><input type=\"hidden\" name=\"_wpcf7\" value=\"2220\" \/><input type=\"hidden\" name=\"_wpcf7_version\" value=\"6.1\" \/><input type=\"hidden\" name=\"_wpcf7_locale\" value=\"en_US\" \/><input type=\"hidden\" name=\"_wpcf7_unit_tag\" value=\"wpcf7-f2220-o1\" \/><input type=\"hidden\" name=\"_wpcf7_container_post\" value=\"0\" \/><input type=\"hidden\" name=\"_wpcf7_posted_data_hash\" value=\"\" \/>\n<\/fieldset>\n<div class=\"contact-form form-default\">\n\t<div class=\"custom-width-01\">\n\t\t<div class=\"row\">\n\t\t\t<div class=\"col-md-6\">\n\t\t\t\t<div class=\"input-wrapper\">\n\t\t\t\t\t<p><span class=\"wpcf7-form-control-wrap\" data-name=\"your-name\"><input size=\"40\" maxlength=\"400\" class=\"wpcf7-form-control wpcf7-text wpcf7-validates-as-required form-control input-full\" aria-required=\"true\" aria-invalid=\"false\" placeholder=\"Your name\" value=\"\" type=\"text\" name=\"your-name\" \/><\/span>\n\t\t\t\t\t<\/p>\n\t\t\t\t<\/div>\n\t\t\t<\/div>\n\t\t\t<div class=\"col-md-6\">\n\t\t\t\t<div class=\"input-wrapper\">\n\t\t\t\t\t<p><span class=\"wpcf7-form-control-wrap\" data-name=\"your-email\"><input size=\"40\" maxlength=\"400\" class=\"wpcf7-form-control wpcf7-email wpcf7-validates-as-required wpcf7-text wpcf7-validates-as-email form-control input-full\" aria-required=\"true\" aria-invalid=\"false\" placeholder=\"address@youremail.com\" value=\"\" type=\"email\" name=\"your-email\" \/><\/span>\n\t\t\t\t\t<\/p>\n\t\t\t\t<\/div>\n\t\t\t<\/div>\n\t\t\t<div class=\"col-md-6\">\n\t\t\t\t<div class=\"input-wrapper\">\n\t\t\t\t\t<p><span class=\"wpcf7-form-control-wrap\" data-name=\"your-subject\"><input size=\"40\" maxlength=\"400\" class=\"wpcf7-form-control wpcf7-text wpcf7-validates-as-required form-control input-full\" aria-required=\"true\" aria-invalid=\"false\" placeholder=\"Subject\" value=\"\" type=\"text\" name=\"your-subject\" \/><\/span>\n\t\t\t\t\t<\/p>\n\t\t\t\t<\/div>\n\t\t\t<\/div>\n\t\t\t<div class=\"col-sm-12\">\n\t\t\t\t<div class=\"input-wrapper\">\n\t\t\t\t\t<p><span class=\"wpcf7-form-control-wrap\" data-name=\"your-message\"><textarea cols=\"40\" rows=\"10\" maxlength=\"2000\" class=\"wpcf7-form-control wpcf7-textarea textarea-custom input-full form-control\" aria-invalid=\"false\" placeholder=\"Your question...\" name=\"your-message\"><\/textarea><\/span>\n\t\t\t\t\t<\/p>\n\t\t\t\t<\/div>\n\t\t\t<\/div>\n\t\t\t<div class=\"col-sm-12 text-center\">\n\t\t\t\t<div class=\"divider-sm\">\n\t\t\t\t<\/div>\n\t\t\t\t<div>\n\t\t\t\t\t<p><span class=\"wpcf7-form-control-wrap\" data-name=\"acceptance-105\"><span class=\"wpcf7-form-control wpcf7-acceptance\"><span class=\"wpcf7-list-item\"><label><input type=\"checkbox\" name=\"acceptance-105\" value=\"1\" aria-invalid=\"false\" \/><span class=\"wpcf7-list-item-label\">Accept the terms of <a href=\"https:\/\/cetexauto.com\/en\/?page_id=2859\"  target=\"_blank\"> <u style=\"color:#52BDFA\">data protection<\/u><\/a><\/span><\/label><\/span><\/span><\/span>\n\t\t\t\t\t<\/p>\n\t\t\t\t<\/div>\n\t\t\t\t<div>\n\t\t\t\t\t<p><button type=\"submit\" id=\"submit-contact\" class=\"btn btn-wide btn-border btn-invert wpcf7-form-control wpcf7-submit\"><span>Ask<\/span><\/button>\n\t\t\t\t\t<\/p>\n\t\t\t\t<\/div>\n\t\t\t<\/div>\n\t\t<\/div>\n\t<\/div>\n<\/div><div class=\"wpcf7-response-output\" aria-hidden=\"true\"><\/div>\n<input type=\"hidden\" name=\"trp-form-language\" value=\"en\"\/><\/form>\n<\/div>\n\t\t\t<\/div>\r\n\t\t<\/div>\r\n\t\t<!-- Recalls Block -->\r\n\t\t\t\t\t\t<\/div>\n\t\t\t\t<\/div>\n\t\t\t\t\t<\/div>\n\t\t<\/div>\n\t\t\t\t\t<\/div>\n\t\t<\/section>\n\t\t\t\t<\/div>","protected":false},"excerpt":{"rendered":"<p>\u00bfPuedo distribuir los productos CETEX en mi provincia? Rellene el cuestionario a pi\u00e9 de p\u00e1gina y le informaremos de todo. Soy un profesional del sector y quiero comprar vuestros productos Rellene el cuestionario a pi\u00e9 de p\u00e1gina y le indicaremos como hacerlo. Soy aficionado y quiero comprar vuestros productos. Rellene el cuestionario a pi\u00e9 de [&hellip;]<\/p>","protected":false},"author":1,"featured_media":0,"parent":0,"menu_order":0,"comment_status":"closed","ping_status":"closed","template":"","meta":{"footnotes":""},"class_list":["post-225","page","type-page","status-publish","hentry"],"yoast_head":"<!-- This site is optimized with the Yoast SEO plugin v25.3.1 - https:\/\/yoast.com\/wordpress\/plugins\/seo\/ -->\n<title>FAQ - Cetex Auto<\/title>\n<meta name=\"robots\" content=\"index, follow, max-snippet:-1, max-image-preview:large, max-video-preview:-1\" \/>\n<link rel=\"canonical\" href=\"https:\/\/cetexauto.com\/en\/preguntas-frecuentes\/\" \/>\n<meta property=\"og:locale\" content=\"en_GB\" \/>\n<meta property=\"og:type\" content=\"article\" \/>\n<meta property=\"og:title\" content=\"FAQ - Cetex Auto\" \/>\n<meta property=\"og:description\" content=\"\u00bfPuedo distribuir los productos CETEX en mi provincia? Rellene el cuestionario a pi\u00e9 de p\u00e1gina y le informaremos de todo. Soy un profesional del sector y quiero comprar vuestros productos Rellene el cuestionario a pi\u00e9 de p\u00e1gina y le indicaremos como hacerlo. Soy aficionado y quiero comprar vuestros productos. Rellene el cuestionario a pi\u00e9 de [&hellip;]\" \/>\n<meta property=\"og:url\" content=\"https:\/\/cetexauto.com\/en\/preguntas-frecuentes\/\" \/>\n<meta property=\"og:site_name\" content=\"Cetex Auto\" \/>\n<meta property=\"article:modified_time\" content=\"2023-07-03T07:14:06+00:00\" \/>\n<meta property=\"og:image\" content=\"https:\/\/cetexauto.com\/wp-content\/uploads\/2023\/05\/logo_definitivo.fw_.png\" \/>\n\t<meta property=\"og:image:width\" content=\"700\" \/>\n\t<meta property=\"og:image:height\" content=\"620\" \/>\n\t<meta property=\"og:image:type\" content=\"image\/png\" \/>\n<meta name=\"twitter:card\" content=\"summary_large_image\" \/>\n<meta name=\"twitter:label1\" content=\"Estimated reading time\" \/>\n\t<meta name=\"twitter:data1\" content=\"1 minute\" \/>\n<script type=\"application\/ld+json\" class=\"yoast-schema-graph\">{\"@context\":\"https:\/\/schema.org\",\"@graph\":[{\"@type\":\"WebPage\",\"@id\":\"https:\/\/cetexauto.com\/preguntas-frecuentes\/\",\"url\":\"https:\/\/cetexauto.com\/preguntas-frecuentes\/\",\"name\":\"FAQ - Cetex Auto\",\"isPartOf\":{\"@id\":\"https:\/\/cetexauto.com\/#website\"},\"datePublished\":\"2017-03-15T05:42:34+00:00\",\"dateModified\":\"2023-07-03T07:14:06+00:00\",\"breadcrumb\":{\"@id\":\"https:\/\/cetexauto.com\/preguntas-frecuentes\/#breadcrumb\"},\"inLanguage\":\"en-GB\",\"potentialAction\":[{\"@type\":\"ReadAction\",\"target\":[\"https:\/\/cetexauto.com\/preguntas-frecuentes\/\"]}]},{\"@type\":\"BreadcrumbList\",\"@id\":\"https:\/\/cetexauto.com\/preguntas-frecuentes\/#breadcrumb\",\"itemListElement\":[{\"@type\":\"ListItem\",\"position\":1,\"name\":\"Inicio\",\"item\":\"https:\/\/cetexauto.com\/\"},{\"@type\":\"ListItem\",\"position\":2,\"name\":\"FAQ\"}]},{\"@type\":\"WebSite\",\"@id\":\"https:\/\/cetexauto.com\/#website\",\"url\":\"https:\/\/cetexauto.com\/\",\"name\":\"Cetex Auto\",\"description\":\"Empresa que distribuye pinturas, masillas, imprimaciones y otros para carrocer\u00eda de coches.\",\"publisher\":{\"@id\":\"https:\/\/cetexauto.com\/#organization\"},\"alternateName\":\"Pinturas para coches\",\"potentialAction\":[{\"@type\":\"SearchAction\",\"target\":{\"@type\":\"EntryPoint\",\"urlTemplate\":\"https:\/\/cetexauto.com\/?s={search_term_string}\"},\"query-input\":{\"@type\":\"PropertyValueSpecification\",\"valueRequired\":true,\"valueName\":\"search_term_string\"}}],\"inLanguage\":\"en-GB\"},{\"@type\":\"Organization\",\"@id\":\"https:\/\/cetexauto.com\/#organization\",\"name\":\"Pintures Girona S.A.\",\"url\":\"https:\/\/cetexauto.com\/\",\"logo\":{\"@type\":\"ImageObject\",\"inLanguage\":\"en-GB\",\"@id\":\"https:\/\/cetexauto.com\/#\/schema\/logo\/image\/\",\"url\":\"https:\/\/cetexauto.com\/wp-content\/uploads\/2023\/07\/logo-headerok.fw2_.fw_.png\",\"contentUrl\":\"https:\/\/cetexauto.com\/wp-content\/uploads\/2023\/07\/logo-headerok.fw2_.fw_.png\",\"width\":600,\"height\":600,\"caption\":\"Pintures Girona S.A.\"},\"image\":{\"@id\":\"https:\/\/cetexauto.com\/#\/schema\/logo\/image\/\"}}]}<\/script>\n<!-- \/ Yoast SEO plugin. -->","yoast_head_json":{"title":"FAQ - Cetex Auto","robots":{"index":"index","follow":"follow","max-snippet":"max-snippet:-1","max-image-preview":"max-image-preview:large","max-video-preview":"max-video-preview:-1"},"canonical":"https:\/\/cetexauto.com\/en\/preguntas-frecuentes\/","og_locale":"en_GB","og_type":"article","og_title":"FAQ - Cetex Auto","og_description":"\u00bfPuedo distribuir los productos CETEX en mi provincia? Rellene el cuestionario a pi\u00e9 de p\u00e1gina y le informaremos de todo. Soy un profesional del sector y quiero comprar vuestros productos Rellene el cuestionario a pi\u00e9 de p\u00e1gina y le indicaremos como hacerlo. Soy aficionado y quiero comprar vuestros productos. Rellene el cuestionario a pi\u00e9 de [&hellip;]","og_url":"https:\/\/cetexauto.com\/en\/preguntas-frecuentes\/","og_site_name":"Cetex Auto","article_modified_time":"2023-07-03T07:14:06+00:00","og_image":[{"width":700,"height":620,"url":"https:\/\/cetexauto.com\/wp-content\/uploads\/2023\/05\/logo_definitivo.fw_.png","type":"image\/png"}],"twitter_card":"summary_large_image","twitter_misc":{"Estimated reading time":"1 minute"},"schema":{"@context":"https:\/\/schema.org","@graph":[{"@type":"WebPage","@id":"https:\/\/cetexauto.com\/preguntas-frecuentes\/","url":"https:\/\/cetexauto.com\/preguntas-frecuentes\/","name":"FAQ - Cetex Auto","isPartOf":{"@id":"https:\/\/cetexauto.com\/#website"},"datePublished":"2017-03-15T05:42:34+00:00","dateModified":"2023-07-03T07:14:06+00:00","breadcrumb":{"@id":"https:\/\/cetexauto.com\/preguntas-frecuentes\/#breadcrumb"},"inLanguage":"en-GB","potentialAction":[{"@type":"ReadAction","target":["https:\/\/cetexauto.com\/preguntas-frecuentes\/"]}]},{"@type":"BreadcrumbList","@id":"https:\/\/cetexauto.com\/preguntas-frecuentes\/#breadcrumb","itemListElement":[{"@type":"ListItem","position":1,"name":"Inicio","item":"https:\/\/cetexauto.com\/"},{"@type":"ListItem","position":2,"name":"FAQ"}]},{"@type":"WebSite","@id":"https:\/\/cetexauto.com\/#website","url":"https:\/\/cetexauto.com\/","name":"Cetex Auto","description":"Empresa que distribuye pinturas, masillas, imprimaciones y otros para carrocer\u00eda de coches.","publisher":{"@id":"https:\/\/cetexauto.com\/#organization"},"alternateName":"Pinturas para coches","potentialAction":[{"@type":"SearchAction","target":{"@type":"EntryPoint","urlTemplate":"https:\/\/cetexauto.com\/?s={search_term_string}"},"query-input":{"@type":"PropertyValueSpecification","valueRequired":true,"valueName":"search_term_string"}}],"inLanguage":"en-GB"},{"@type":"Organization","@id":"https:\/\/cetexauto.com\/#organization","name":"Pintures Girona S.A.","url":"https:\/\/cetexauto.com\/","logo":{"@type":"ImageObject","inLanguage":"en-GB","@id":"https:\/\/cetexauto.com\/#\/schema\/logo\/image\/","url":"https:\/\/cetexauto.com\/wp-content\/uploads\/2023\/07\/logo-headerok.fw2_.fw_.png","contentUrl":"https:\/\/cetexauto.com\/wp-content\/uploads\/2023\/07\/logo-headerok.fw2_.fw_.png","width":600,"height":600,"caption":"Pintures Girona S.A."},"image":{"@id":"https:\/\/cetexauto.com\/#\/schema\/logo\/image\/"}}]}},"_links":{"self":[{"href":"https:\/\/cetexauto.com\/en\/wp-json\/wp\/v2\/pages\/225","targetHints":{"allow":["GET"]}}],"collection":[{"href":"https:\/\/cetexauto.com\/en\/wp-json\/wp\/v2\/pages"}],"about":[{"href":"https:\/\/cetexauto.com\/en\/wp-json\/wp\/v2\/types\/page"}],"author":[{"embeddable":true,"href":"https:\/\/cetexauto.com\/en\/wp-json\/wp\/v2\/users\/1"}],"replies":[{"embeddable":true,"href":"https:\/\/cetexauto.com\/en\/wp-json\/wp\/v2\/comments?post=225"}],"version-history":[{"count":66,"href":"https:\/\/cetexauto.com\/en\/wp-json\/wp\/v2\/pages\/225\/revisions"}],"predecessor-version":[{"id":3535,"href":"https:\/\/cetexauto.com\/en\/wp-json\/wp\/v2\/pages\/225\/revisions\/3535"}],"wp:attachment":[{"href":"https:\/\/cetexauto.com\/en\/wp-json\/wp\/v2\/media?parent=225"}],"curies":[{"name":"wp","href":"https:\/\/api.w.org\/{rel}","templated":true}]}}